{"id":226,"date":"2021-02-09T20:35:18","date_gmt":"2021-02-09T20:35:18","guid":{"rendered":"http:\/\/box5145.temp.domains\/~bastacoa\/?page_id=226"},"modified":"2021-06-11T04:07:06","modified_gmt":"2021-06-11T04:07:06","slug":"home-2","status":"publish","type":"page","link":"https:\/\/bastacoalition.org\/es\/home-2\/","title":{"rendered":"Proyectos y Promoci\u00f3n de Pol\u00edticas"},"content":{"rendered":"<p class=\"has-text-align-center has-black-color has-text-color\" style=\"font-size:25px\"><\/p>\n\n\n\n<p class=\"has-text-align-center has-white-color has-text-color has-background\" style=\"background-color:#8f2539;font-size:25px\">PROYECTOS DE INVESTIGACI\u00d3N<\/p>\n\n\n\n<p class=\"has-black-color has-text-color\"><strong>Salud y Seguridad de las Trabajadoras Agr\u00edcolas en el Valle de Yakima (2012-2013):<\/strong> Aprend\u00edmos sobre las experiencias de acoso sexual de las trabajadoras agr\u00edcolas y desarrollamos una campa\u00f1a de prevenci\u00f3n. (Investigadora Principal: Dra. Catherine Karr; Directora: Dra. Breckwich V\u00e1squez)<\/p>\n\n\n\n<p class=\"has-black-color has-text-color\"><strong>Perspectivas Culturales y Comunicativas del Sector Agr\u00edcola Sobre la Prevenci\u00f3n y Entrenamiento del Acoso Sexual (2014-2016): <\/strong>Aprend\u00edmos de siete grupos focales compuestos por mujeres trabajadoras agr\u00edcolas, hombres trabajadores agr\u00edcolas y supervisores. Desarrollamos y incorporamos mensajer\u00eda y comunicaci\u00f3n para nuestro proyecto de video. (Investigadora Principal: Dra. Breckwich V\u00e1squez)<\/p>\n\n\n\n<p class=\"has-black-color has-text-color\"><strong>Video de capacitaci\u00f3n sobre prevenci\u00f3n del acoso sexual (2015-2019):<\/strong> Juntos con las trabajadoras agr\u00edcolas y m\u00faltiples socios y financiadores de la comunidad, desarrollamos y difundimos un video y plan de capacitaci\u00f3n en el lugar de trabajo que finalmente se convirti\u00f3 en el <span class=\"has-inline-color has-vivid-cyan-blue-color\">\u00a1<a href=\"https:\/\/deohs.washington.edu\/pnash\/toolkit\">\u00a1BASTA! Plan de estudios<\/a><\/span>.&nbsp;<\/p>\n\n\n\n<p class=\"has-text-align-center has-white-color has-text-color has-background\" style=\"background-color:#8f2539;font-size:25px\">PROYECTOS: PROMOCI\u00d3N DE POL\u00cdTICAS<\/p>\n\n\n\n<p class=\"has-black-color has-text-color\"><strong>Fondo Estatal de WA (2021-2023), Prevenci\u00f3n del Acoso Sexual de los Trabajadores Agr\u00edcolas Mediante la Capacitaci\u00f3n de Pares (2 partes): <\/strong><strong><em>Preventing Farmworker Sexual Harassment through Peer Training (2 parts)<\/em><\/strong><strong>:&nbsp;<\/strong><\/p>\n\n\n\n<ol class=\"has-black-color has-text-color wp-block-list\"><li><strong>\u00a1BASTA! Entrenamientos de Pares<\/strong>: Los trabajadores agr\u00edcolas se capacitan sobre el acoso sexual entre s\u00ed en estas capacitaciones especializadas de pares por todo el estado de WA. Los capacitadores deben ser pares de las mismas industrias que los propios trabajadores. Los compa\u00f1eros que tienen experiencia directa del lugar de trabajo, as\u00ed como antecedentes culturales y ling\u00fc\u00edsticos comunes con los trabajadores, pueden proveer una capacitaci\u00f3n de mayor calidad.&nbsp;<\/li><\/ol>\n\n\n\n<ol start=\"2\" class=\"has-black-color has-text-color wp-block-list\"><li><strong>Liderazgo Estatal de los Trabajadores Agr\u00edcolas<\/strong>Trabajadores agr\u00edcolas de todo el estado de WA y capacitados en pares con nuestro curr\u00edculo \u00a1BASTA! formar\u00e1n una red de l\u00edderes. Ellos promover\u00e1n los esfuerzos de concienciaci\u00f3n y defensa contra el acoso. Este grupo conectar\u00e1 a los trabajadores agr\u00edcolas entre s\u00ed para tomar acci\u00f3n contra el acoso sexual en el lugar de trabajo y otros problemas urgentes que los afectan.<\/li><\/ol>\n\n\n\n<p class=\"has-black-color has-text-color\"><strong>Protecci\u00f3n de los Trabajadores Agr\u00edcolas contra COVID-19<\/strong>: Somos autores de un art\u00edculo publicado en un peri\u00f3dico local para crear conciencia sobre las injusticias que los trabajadores agr\u00edcolas han enfrentado en sus lugares de trabajo con respecto a las precauciones y estrategias de prevenci\u00f3n\/mitigaci\u00f3n de COVID-19:&nbsp;<\/p>\n\n\n\n<p class=\"has-black-color has-text-color\">Gamboa, Saldana and Guillen. 2020. <em>State must do more to protect farmworkers\u2019 health: State health and labor agencies must do more to enforce laws meant to protect workers during the pandemic.<\/em> Commentary.&nbsp; Everett Herald (Aug 9, 2020): <span class=\"has-inline-color has-vivid-cyan-blue-color\"><a href=\"https:\/\/www.heraldnet.com\/opinion\/commentary-state-must-do-more-to-protect-farmworkers-health\/\">https:\/\/www.heraldnet.com\/opinion\/commentary-state-must-do-more-to-protect-farmworkers-health\/<\/a>&nbsp;&nbsp;<\/span><\/p>\n\n\n\n<p class=\"has-text-align-center has-white-color has-text-color has-background\" style=\"background-color:#8f2539;font-size:25px\">PROYECTOS DE EDUCACI\u00d3N Y ENTRENAMIENTO<\/p>\n\n\n\n<p><a href=\"https:\/\/deohs.washington.edu\/pnash\/toolkit\"><strong>\u00a1BASTA! Worksite Training &amp; Toolkit<\/strong><\/a>: <span class=\"has-inline-color has-black-color\">Este herramienta es un recurso integral para el lugar del trabajo desarrollado en colaboraci\u00f3n con la comunidad agr\u00edcola utilizando un enfoque de investigaci\u00f3n participativa basada en la comunidad. Incluye videos de capacitaci\u00f3n, gu\u00eda del capacitador, orientaci\u00f3n sobre pol\u00edticas y procedimientos en el lugar de trabajo, carteles en el lugar de trabajo y recursos clave. El video de capacitaci\u00f3n se centra en la historia de una trabajadora agr\u00edcola y los desaf\u00edos que enfrenta cuando sufre acoso en el lugar de trabajo. Su historia destaca qu\u00e9 hacer si sufre o es testigo del acoso: a qui\u00e9n informar y qu\u00e9 informaci\u00f3n compartir. El plan de estudios tambi\u00e9n reconoce el trauma de la violencia sexual y c\u00f3mo las barreras culturales pueden impedir que los trabajadores den un paso al frente. El conjunto de herramientas adopta un enfoque de varios niveles al subrayar los roles y responsabilidades que todos tienen para prevenir el acoso de los productores a los supervisores y trabajadores. La capacitaci\u00f3n \u00a1BASTA! y el juego de herramientas en el lugar de trabajo es un plan de estudios bien investigado y basado en evidencia que recientemente recibi\u00f3 el Premio de Materiales de Educaci\u00f3n para la Salud por capacitaci\u00f3n de la Asociaci\u00f3n Estadounidense de Salud P\u00fablica.&nbsp;<\/span><\/p>\n\n\n\n<p><span class=\"has-inline-color has-black-color\"><strong>Entrenamientos \u00a1BASTA!<\/strong>!: Entrenamientos \u00a1BASTA! para trabajadores agr\u00edcolas se enfocan en la prevenci\u00f3n del acoso sexual en el sector laboral agr\u00edcola en el estado de Washington. La finalizaci\u00f3n de la capacitaci\u00f3n BASTA y una encuesta posterior exitosa les permite a los estudiantes obtener una certificado de finalizaci\u00f3n. \u00c9stas capacitationes est\u00e1n actualmente co-organizadas con<\/span> <a href=\"https:\/\/deohs.washington.edu\/pnash\/sexual-harassment\">UW Pacific Northwest Agricultural Safety and Health Center<\/a>.&nbsp;<\/p>\n\n\n\n<p><a href=\"https:\/\/deohs.washington.edu\/pnash\/sites\/deohs.washington.edu.pnash\/files\/documents\/Wallet_Cards1AUG14.pdf\"><strong>Sexual Harassment Prevention Wallet Cards<\/strong><\/a><strong>:<\/strong> <span class=\"has-inline-color has-black-color\">Estas tarjetas laminadas del tama\u00f1o de una billetera, dise\u00f1adas originalmente con y para trabajadores agr\u00edcolas en 2013, contienen informaci\u00f3n relacionada con el acoso sexual y los derechos de los trabajadores con respecto al acoso sexual en el lugar de trabajo. Consulte PNASH para obtener m\u00e1s informaci\u00f3n para adaptarlos\/ordenarlos.<\/span><\/p>\n\n\n\n<p><a href=\"https:\/\/deohs.washington.edu\/pnash\/sites\/deohs.washington.edu.pnash\/files\/images\/Spanish_Novela.mp3\"><strong>Radionovela<\/strong><\/a><strong> <\/strong><span class=\"has-inline-color has-black-color\"><strong>(4:51 minutos):<\/strong> Una novela en espa\u00f1ol adaptada para radio centrada en la prevenci\u00f3n del acoso sexual fue desarrollada en colaboraci\u00f3n con NCEC \/ Radio KDNA en Yakima WA. Sigue la historia de una trabajadora agr\u00edcola que se enfrenta al acoso sexual e incluye consejos para identificar, prevenir y denunciar el acoso.&nbsp;<\/span><\/p>\n\n\n\n<p class=\"has-black-color has-text-color\"><strong>Proyecto de Capacitaci\u00f3n (WA) para defensores del acoso sexual- 2020 (TASH):<\/strong> En colaboraci\u00f3n con la Coalici\u00f3n Contra la Violencia Dom\u00e9stica del Estado de Washington, adaptamos el entrenamiento \u00a1BASTA! para defensores en Washington y capacitamos 32 defensores en todo el estado. Certificamos a 8 personas. Vea el mapa a continuaci\u00f3n. <\/p>","protected":false},"excerpt":{"rendered":"<p>RESEARCH PROJECTS Health &amp; Safety of Women Agricultural Workers in the Yakima Valley (2012-2013): We learned about the sexual harassment experiences of farmworker women and [&hellip;]<\/p>\n","protected":false},"author":1,"featured_media":326,"parent":0,"menu_order":2,"comment_status":"closed","ping_status":"closed","template":"","meta":{"nf_dc_page":"","om_disable_all_campaigns":false,"_monsterinsights_skip_tracking":false,"_monsterinsights_sitenote_active":false,"_monsterinsights_sitenote_note":"","_monsterinsights_sitenote_category":0,"_themeisle_gutenberg_block_has_review":false,"footnotes":""},"class_list":["post-226","page","type-page","status-publish","has-post-thumbnail","hentry"],"jetpack_sharing_enabled":true,"_links":{"self":[{"href":"https:\/\/bastacoalition.org\/es\/wp-json\/wp\/v2\/pages\/226","targetHints":{"allow":["GET"]}}],"collection":[{"href":"https:\/\/bastacoalition.org\/es\/wp-json\/wp\/v2\/pages"}],"about":[{"href":"https:\/\/bastacoalition.org\/es\/wp-json\/wp\/v2\/types\/page"}],"author":[{"embeddable":true,"href":"https:\/\/bastacoalition.org\/es\/wp-json\/wp\/v2\/users\/1"}],"replies":[{"embeddable":true,"href":"https:\/\/bastacoalition.org\/es\/wp-json\/wp\/v2\/comments?post=226"}],"version-history":[{"count":5,"href":"https:\/\/bastacoalition.org\/es\/wp-json\/wp\/v2\/pages\/226\/revisions"}],"predecessor-version":[{"id":455,"href":"https:\/\/bastacoalition.org\/es\/wp-json\/wp\/v2\/pages\/226\/revisions\/455"}],"wp:featuredmedia":[{"embeddable":true,"href":"https:\/\/bastacoalition.org\/es\/wp-json\/wp\/v2\/media\/326"}],"wp:attachment":[{"href":"https:\/\/bastacoalition.org\/es\/wp-json\/wp\/v2\/media?parent=226"}],"curies":[{"name":"wp","href":"https:\/\/api.w.org\/{rel}","templated":true}]}}