{"id":266,"date":"2021-02-09T20:35:20","date_gmt":"2021-02-09T20:35:20","guid":{"rendered":"http:\/\/box5145.temp.domains\/~bastacoa\/?page_id=266"},"modified":"2021-05-27T18:17:12","modified_gmt":"2021-05-27T18:17:12","slug":"home-4","status":"publish","type":"page","link":"https:\/\/bastacoalition.org\/es\/home-4\/","title":{"rendered":"Educaci\u00f3n y Capacitaci\u00f3n"},"content":{"rendered":"<p><\/p>\n\n\n\n<p class=\"has-normal-font-size\"><a href=\"https:\/\/deohs.washington.edu\/pnash\/toolkit\"><strong>\u00a1BASTA! Worksite Training &amp; Toolkit<\/strong><\/a>: <span class=\"has-inline-color has-black-color\">Este herramienta es un recurso integral para el lugar del trabajo desarrollado en colaboraci\u00f3n con la comunidad agr\u00edcola utilizando un enfoque de investigaci\u00f3n participativa basada en la comunidad. Incluye videos de capacitaci\u00f3n, gu\u00eda del capacitador, orientaci\u00f3n sobre pol\u00edticas y procedimientos en el lugar de trabajo, carteles en el lugar de trabajo y recursos clave. El video de capacitaci\u00f3n se centra en la historia de una trabajadora agr\u00edcola y los desaf\u00edos que enfrenta cuando sufre acoso en el lugar de trabajo. Su historia destaca qu\u00e9 hacer si sufre o es testigo del acoso: a qui\u00e9n informar y qu\u00e9 informaci\u00f3n compartir. El plan de estudios tambi\u00e9n reconoce el trauma de la violencia sexual y c\u00f3mo las barreras culturales pueden impedir que los trabajadores den un paso al frente. El conjunto de herramientas adopta un enfoque de varios niveles al subrayar los roles y responsabilidades que todos tienen para prevenir el acoso de los productores a los supervisores y trabajadores. La capacitaci\u00f3n \u00a1BASTA! y el juego de herramientas en el lugar de trabajo es un plan de estudios bien investigado y basado en evidencia que recientemente recibi\u00f3 el Premio de Materiales de Educaci\u00f3n para la Salud por capacitaci\u00f3n de la Asociaci\u00f3n Estadounidense de Salud P\u00fablica.\u00a0<\/span><\/p>\n\n\n\n<p><span class=\"has-inline-color has-black-color\"><strong>Entrenamientos \u00a1BASTA!<\/strong>!: Entrenamientos \u00a1BASTA! para trabajadores agr\u00edcolas se enfocan en la prevenci\u00f3n del acoso sexual en el sector laboral agr\u00edcola en el estado de Washington. La finalizaci\u00f3n de la capacitaci\u00f3n BASTA y una encuesta posterior exitosa les permite a los estudiantes obtener una certificado de finalizaci\u00f3n. \u00c9stas capacitationes est\u00e1n actualmente co-organizadas con<\/span> <a href=\"https:\/\/deohs.washington.edu\/pnash\/sexual-harassment\">UW Pacific Northwest Agricultural Safety and Health Center<\/a>.\u00a0<\/p>\n\n\n\n<p><a href=\"https:\/\/deohs.washington.edu\/pnash\/sites\/deohs.washington.edu.pnash\/files\/documents\/Wallet_Cards1AUG14.pdf\"><strong>Sexual Harassment Prevention Wallet Cards<\/strong><\/a><strong>:<\/strong> <span class=\"has-inline-color has-black-color\">Estas tarjetas laminadas del tama\u00f1o de una billetera, dise\u00f1adas originalmente con y para trabajadores agr\u00edcolas en 2013, contienen informaci\u00f3n relacionada con el acoso sexual y los derechos de los trabajadores con respecto al acoso sexual en el lugar de trabajo. Consulte PNASH para obtener m\u00e1s informaci\u00f3n para adaptarlos\/ordenarlos.<\/span><\/p>\n\n\n\n<p><a href=\"https:\/\/deohs.washington.edu\/pnash\/sites\/deohs.washington.edu.pnash\/files\/images\/Spanish_Novela.mp3\"><strong>Radionovela<\/strong><\/a><strong> <\/strong><span class=\"has-inline-color has-black-color\"><strong>(4:51 minutos):<\/strong> Una novela en espa\u00f1ol adaptada para radio centrada en la prevenci\u00f3n del acoso sexual fue desarrollada en colaboraci\u00f3n con NCEC \/ Radio KDNA en Yakima WA. Sigue la historia de una trabajadora agr\u00edcola que se enfrenta al acoso sexual e incluye consejos para identificar, prevenir y denunciar el acoso.\u00a0<\/span><\/p>\n\n\n\n<p><span class=\"has-inline-color has-black-color\"><strong>Proyecto de Capacitaci\u00f3n (WA) para defensores del acoso sexual- 2020 (TASH):<\/strong> In collaboration with the Washington State Coalition Against Domestic Violence, we adapted the BASTA! Training for advocate audiences in Washington and trained 32 advocates throughout the state. We certified 8 individuals. See map below.\u00a0<\/span><\/p>\n\n\n\n<p class=\"has-text-align-center\"><\/p>\n\n\n\n<div class=\"wp-block-image\"><figure class=\"aligncenter size-large is-resized\"><img data-recalc-dims=\"1\" loading=\"lazy\" decoding=\"async\" src=\"https:\/\/i0.wp.com\/bastacoalition.org\/wp-content\/uploads\/2021\/05\/Screen-Shot-2021-05-27-at-10.48.22-AM.jpg?resize=545%2C285&#038;ssl=1\" alt=\"\" class=\"wp-image-421\" width=\"545\" height=\"285\" srcset=\"https:\/\/i0.wp.com\/bastacoalition.org\/wp-content\/uploads\/2021\/05\/Screen-Shot-2021-05-27-at-10.48.22-AM.jpg?w=512&amp;ssl=1 512w, https:\/\/i0.wp.com\/bastacoalition.org\/wp-content\/uploads\/2021\/05\/Screen-Shot-2021-05-27-at-10.48.22-AM.jpg?resize=300%2C157&amp;ssl=1 300w\" sizes=\"auto, (max-width: 545px) 100vw, 545px\" \/><\/figure><\/div>","protected":false},"excerpt":{"rendered":"<p>\u00a1BASTA! Worksite Training &amp; Toolkit: toolkit is a comprehensive worksite resource developed in collaboration with the agricultural community using a community-based participatory research approach. It [&hellip;]<\/p>\n","protected":false},"author":1,"featured_media":330,"parent":0,"menu_order":3,"comment_status":"closed","ping_status":"closed","template":"","meta":{"nf_dc_page":"","om_disable_all_campaigns":false,"_monsterinsights_skip_tracking":false,"_monsterinsights_sitenote_active":false,"_monsterinsights_sitenote_note":"","_monsterinsights_sitenote_category":0,"_themeisle_gutenberg_block_has_review":false,"footnotes":""},"class_list":["post-266","page","type-page","status-publish","has-post-thumbnail","hentry"],"jetpack_sharing_enabled":true,"_links":{"self":[{"href":"https:\/\/bastacoalition.org\/es\/wp-json\/wp\/v2\/pages\/266","targetHints":{"allow":["GET"]}}],"collection":[{"href":"https:\/\/bastacoalition.org\/es\/wp-json\/wp\/v2\/pages"}],"about":[{"href":"https:\/\/bastacoalition.org\/es\/wp-json\/wp\/v2\/types\/page"}],"author":[{"embeddable":true,"href":"https:\/\/bastacoalition.org\/es\/wp-json\/wp\/v2\/users\/1"}],"replies":[{"embeddable":true,"href":"https:\/\/bastacoalition.org\/es\/wp-json\/wp\/v2\/comments?post=266"}],"version-history":[{"count":4,"href":"https:\/\/bastacoalition.org\/es\/wp-json\/wp\/v2\/pages\/266\/revisions"}],"predecessor-version":[{"id":422,"href":"https:\/\/bastacoalition.org\/es\/wp-json\/wp\/v2\/pages\/266\/revisions\/422"}],"wp:featuredmedia":[{"embeddable":true,"href":"https:\/\/bastacoalition.org\/es\/wp-json\/wp\/v2\/media\/330"}],"wp:attachment":[{"href":"https:\/\/bastacoalition.org\/es\/wp-json\/wp\/v2\/media?parent=266"}],"curies":[{"name":"wp","href":"https:\/\/api.w.org\/{rel}","templated":true}]}}